{"id":61,"date":"2015-12-12T18:49:53","date_gmt":"2015-12-12T18:49:53","guid":{"rendered":"http:\/\/exoten-labor.de\/?page_id=61"},"modified":"2016-05-31T13:14:26","modified_gmt":"2016-05-31T13:14:26","slug":"themen","status":"publish","type":"page","link":"https:\/\/exoten-labor.de\/?page_id=61","title":{"rendered":""},"content":{"rendered":"<div style=\"text-align: justify;\"><\/div>\n<p><img loading=\"lazy\" decoding=\"async\" id=\"gmedia-image-87\" class=\"gmedia-singlepic aligncenter\" title=\"Leistungen-web\" src=\"https:\/\/exoten-labor.de\/wp-content\/grand-media\/image\/Leistungen-web.jpg\" alt=\"Leistungen-web\" width=\"1406\" height=\"413\" \/><\/p>\n<div><\/div>\n<h5 style=\"text-align: justify;\">Unabh\u00e4ngig von der Tierart haben Sie grunds\u00e4tzlich die M\u00f6glichkeit zwischen zwei Diagnosesets zu w\u00e4hlen. Dabei steht nat\u00fcrlich\u00a0 im Vordergrund, welche Beobachtungen Sie an ihrem Tier gemacht haben.<div class=\"su-spacer\" style=\"height:30px\"><\/div><\/h5>\n<h4 style=\"text-align: center;\"><a href=\"https:\/\/exoten-labor.de\/?page_id=213\">Diagnoseset PARA<\/a><\/h4>\n<h5 style=\"text-align: justify;\">Sehen Sie an Ihrem Tier oder in seiner Umgebung fragw\u00fcrdige Untermieter und wollen wissen wer oder was sie sind? Oder aber sie m\u00f6chten Ihr Tier nur zur Kontrolle durchchecken, dann empfielt sich das Diagnoseset PARA. Zu den M\u00f6glichkeiten, die Ihnen diese Untersuchung bietet, bitte auf das Bild oder den Namen klicken.<\/h5>\n<div><\/div>\n<div><a href=\"https:\/\/exoten-labor.de\/?page_id=213\"><img loading=\"lazy\" decoding=\"async\" id=\"gmedia-image-64\" class=\"gmedia-singlepic aligncenter\" title=\"Parasitentest-A\" src=\"https:\/\/exoten-labor.de\/wp-content\/grand-media\/image\/Parasitentest-A_1.jpg\" alt=\"Parasitentest-A\" width=\"503\" height=\"320\" \/><\/a><\/div>\n<h4 style=\"text-align: center;\"><a href=\"https:\/\/exoten-labor.de\/?page_id=216\">Diagnoseset EndoPLUS<\/a><\/h4>\n<h5 style=\"text-align: justify;\">Haben Sie bei einem Pflegling Anzeichen einer Magen-Darm-Erkrankungen beobachten k\u00f6nnen, zeigt ein Tier ungekl\u00e4rte Durchf\u00e4lle, dann verschaffen Sie sich einen \u00dcberblick \u00fcber seine parasit\u00e4re Darmflora. Diese Untersuchung beinhaltet neben einer klassischen koprologischen Untersuchung auch eine Spezialuntersuchung auf Kryptosporidien. Diese Untersuchung empfielt sich gerade bei Reptilien auch als Ankaufsuntersuchung. Zu den M\u00f6glichkeiten, die Ihnen diese Untersuchung bietet, bitte auf das Bild oder den Namen klicken.<\/h5>\n<h4 style=\"text-align: center;\"><a href=\"https:\/\/exoten-labor.de\/?page_id=216\"><img loading=\"lazy\" decoding=\"async\" id=\"gmedia-image-65\" class=\"gmedia-singlepic aligncenter\" title=\"Parasitentet-PLUS\" src=\"https:\/\/exoten-labor.de\/wp-content\/grand-media\/image\/Parasitentet-PLUS.jpg\" alt=\"Parasitentet-PLUS\" width=\"503\" height=\"320\" \/><\/a><\/h4>\n<p>&nbsp;<\/p>\n<h4 style=\"text-align: center;\"><\/h4>\n","protected":false},"excerpt":{"rendered":"<p>Unabh\u00e4ngig von der Tierart haben Sie grunds\u00e4tzlich die M\u00f6glichkeit zwischen zwei Diagnosesets zu w\u00e4hlen. Dabei steht nat\u00fcrlich\u00a0 im Vordergrund, welche Beobachtungen Sie an ihrem Tier gemacht haben. Diagnoseset PARA Sehen Sie an Ihrem Tier oder in seiner Umgebung fragw\u00fcrdige Untermieter und wollen wissen wer oder was sie sind? Oder aber sie m\u00f6chten Ihr Tier nur zur Kontrolle durchchecken, dann empfielt sich das Diagnoseset PARA. Zu den M\u00f6glichkeiten, die Ihnen diese Untersuchung bietet, bitte auf das Bild oder den Namen klicken. Diagnoseset EndoPLUS Haben Sie bei einem Pflegling Anzeichen einer Magen-Darm-Erkrankungen beobachten k\u00f6nnen, zeigt ein Tier ungekl\u00e4rte Durchf\u00e4lle, dann verschaffen Sie sich einen \u00dcberblick \u00fcber seine parasit\u00e4re Darmflora. Diese Untersuchung beinhaltet \u2026<\/p>\n<p class=\"continue-reading-button\"> <a class=\"continue-reading-link\" href=\"https:\/\/exoten-labor.de\/?page_id=61\">Continue reading<i class=\"crycon-right-dir\"><\/i><\/a><\/p>\n","protected":false},"author":1,"featured_media":0,"parent":0,"menu_order":0,"comment_status":"closed","ping_status":"closed","template":"","meta":{"footnotes":""},"class_list":["post-61","page","type-page","status-publish","hentry"],"aioseo_notices":[],"_links":{"self":[{"href":"https:\/\/exoten-labor.de\/index.php?rest_route=\/wp\/v2\/pages\/61","targetHints":{"allow":["GET"]}}],"collection":[{"href":"https:\/\/exoten-labor.de\/index.php?rest_route=\/wp\/v2\/pages"}],"about":[{"href":"https:\/\/exoten-labor.de\/index.php?rest_route=\/wp\/v2\/types\/page"}],"author":[{"embeddable":true,"href":"https:\/\/exoten-labor.de\/index.php?rest_route=\/wp\/v2\/users\/1"}],"replies":[{"embeddable":true,"href":"https:\/\/exoten-labor.de\/index.php?rest_route=%2Fwp%2Fv2%2Fcomments&post=61"}],"version-history":[{"count":40,"href":"https:\/\/exoten-labor.de\/index.php?rest_route=\/wp\/v2\/pages\/61\/revisions"}],"predecessor-version":[{"id":788,"href":"https:\/\/exoten-labor.de\/index.php?rest_route=\/wp\/v2\/pages\/61\/revisions\/788"}],"wp:attachment":[{"href":"https:\/\/exoten-labor.de\/index.php?rest_route=%2Fwp%2Fv2%2Fmedia&parent=61"}],"curies":[{"name":"wp","href":"https:\/\/api.w.org\/{rel}","templated":true}]}}