{"id":57,"date":"2015-12-12T18:46:06","date_gmt":"2015-12-12T18:46:06","guid":{"rendered":"http:\/\/exoten-labor.de\/?page_id=57"},"modified":"2025-05-07T17:40:08","modified_gmt":"2025-05-07T17:40:08","slug":"zu-der-diagnostik-von-ektoparasiten","status":"publish","type":"page","link":"https:\/\/exoten-labor.de\/?page_id=57","title":{"rendered":"Ektoparasiten"},"content":{"rendered":"<p style=\"text-align: right;\"><img loading=\"lazy\" decoding=\"async\" id=\"gmedia-image-76\" class=\"gmedia-singlepic alignnone\" title=\"Ektoparasiten\" src=\"https:\/\/exoten-labor.de\/wp-content\/grand-media\/image\/Ektoparasiten.jpg\" alt=\"Ektoparasiten\" width=\"1400\" height=\"419\" \/><\/p>\n<p style=\"text-align: justify;\"><div class=\"su-spacer\" style=\"height:30px\"><\/div>\n<h3 style=\"text-align: center;\"><a href=\"https:\/\/exoten-labor.de\/wp-content\/uploads\/2023\/02\/Einsendeformular-Exotenlabor-Februar-23.pdf\" target=\"_blank\" rel=\"noopener\"><span style=\"color: #ff0000;\"><a title=\"TEST\" href=\"https:\/\/exoten-labor.de\/wp-content\/uploads\/2025\/03\/Einsendeformular-Exotenlabor-9-24.pdf\" target=\"_blank\" rel=\"noopener\" data-wplink-edit=\"true\"><strong>Untersuchungsauftrag hier herunterladen<\/strong><\/a><\/span><\/a><\/h3>\n<h4 style=\"text-align: center;\"><div class=\"su-spacer\" style=\"height:30px\"><\/div><\/h4>\n<p><img loading=\"lazy\" decoding=\"async\" id=\"gmedia-image-80\" class=\"gmedia-singlepic aligncenter\" title=\"Ektoparasiten---Trenner\" src=\"https:\/\/exoten-labor.de\/wp-content\/grand-media\/image\/Ektoparasiten---Trenner.jpg\" alt=\"Ektoparasiten---Trenner\" width=\"1400\" height=\"65\" \/><\/p>\n<p style=\"text-align: justify;\">Die Parasiten, die auf der K\u00f6rperoberfl\u00e4che ihres Wirtes leben, nennt man <strong><em>Ektoparasiten<\/em><\/strong>. Ihre Bezeichnung leitet sich aus dem griechischem <em>\u03b5\u03ba\u03c4\u03bf\u03c2 (ektos<\/em>= au\u00dfen) ab. Obwohl es sich fast ausnahmslos um Arthopoden also Gliederf\u00fcsser handelt beschreibt und die verwandschftlichen Verh\u00e4ltnisse sehr viel enger als bei den Endoparasiten sind, m\u00fcssen bestimmte Begriffe ebenfalls kurz erl\u00e4utert werden.<\/p>\n<h5 style=\"text-align: justify;\">Definitionen:<\/h5>\n<h6 style=\"text-align: justify;\">Wirtverh\u00e4ltnisse:<\/h6>\n<p style=\"text-align: justify;\">Grunds\u00e4tzlich bezeichnet man ein Lebewesen, dass auf oder im K\u00f6rper eines anderen lebt, <em><strong>Gast<\/strong><\/em>. Das Lebewesen, welches ihn beherbergt ist der <strong><em>Wirt<\/em><\/strong>. Ein Gast, der seinem Wirt schadet, ist ein <strong><em>Parasit<\/em><\/strong>. Grunds\u00e4tzlich ist ein Parasit auf den Wirt nat\u00fcrlicherweise angewiesen und grunds\u00e4tzlich nicht daran &#8222;interessiert&#8220; ihn zu t\u00f6ten. Allerdings wird in menschlicher Obhut dieser Grundsatz durch eine Parasitenanreicherung im Umfeld des Wirtes ganz oder teilweise aufgehoben.<\/p>\n<h6 style=\"text-align: justify;\">Wirtspezifit\u00e4t:<\/h6>\n<p style=\"text-align: justify;\">Unter Wirtspezifit\u00e4t versteht man die F\u00e4higkeit eines Parasiten auf verschiedenenen Wirten zu parasitieren. Gerade bei den Ektoparasiten gibt Parasiten, die ein sehr enges h\u00e4ufig nur auf eine einzige Wirtsart beschr\u00e4nkes Wirtspekrum haben. Sie sind <em><strong>hoch wirtspezifisch<\/strong><\/em> sind. Hierzu z\u00e4hlen die meisten Grab- oder R\u00e4udemilben. Andere Parasiten k\u00f6nnen viele verschiedene Wirte befallen und sind somit wenig oder <strong><em>gering wirtspezifisch<\/em><\/strong>. So befallen viele Zeckenarten ihre Wirte auch klassen\u00fcbergreifend unabh\u00e4ngig also, ob es sich um ein Reptil oder S\u00e4ugetier handelt.<\/p>\n<h6 style=\"text-align: justify;\">Station\u00e4re &#8211; nicht station\u00e4re Ektoparasiten<\/h6>\n<p style=\"text-align: justify;\">Anders als Endoparasiten, die dauerhaft in ihrem Wirt leben, sind viele Ektoparasiten in der Lage ihren Wirt zu verlassen. Zu diesen <strong><em>nicht station\u00e4ren<\/em><\/strong> Parasiten geh\u00f6ren die parasit\u00e4ren &#8222;Gro\u00dfmilben&#8220; (Familie <em>Macronyssidae<\/em>) aber auch die Lederzecken. Andere leben <em><strong>station\u00e4r<\/strong> <\/em>festgesaugt auf der Hautoberfl\u00e4che bzw in der Haut und deren Anhangsorganen. Zwischenformen k\u00f6nnen auch ihre Eier in die Umgebung fallen l\u00f6assen, um eine weiterverbreitung zu erreichen. F\u00fcr eine Therapie stellen diese Kenntnisse \u00fcber die Biologe ein wesentlicher Bestandteil dar, da hieraus resultiert ob nur das Tier oder auch die Umgebung behandfelt werden muss.<\/p>\n<p><img loading=\"lazy\" decoding=\"async\" id=\"gmedia-image-80\" class=\"gmedia-singlepic aligncenter\" title=\"Ektoparasiten---Trenner\" src=\"https:\/\/exoten-labor.de\/wp-content\/grand-media\/image\/Ektoparasiten---Trenner.jpg\" alt=\"Ektoparasiten---Trenner\" width=\"1400\" height=\"65\" \/><\/p>\n<h5 style=\"text-align: justify;\"><\/h5>\n<h5 style=\"text-align: justify;\">Systematik der Ektoparasiten und Kurzbeschreibung:<\/h5>\n<p>Arthropoden &#8211; Gliederf\u00fcsser:<\/p>\n<p style=\"text-align: justify;\">Bei den Ektoparasiten spielen im wesentlichen zwei Klassen eine \u00fcbergeordnete Rolle die Insekten und die Spinnentieren. Abgesehen von Stechfliegen und M\u00fccken, die sich kaum systematisch behandeln lassen, treten vor allem die L\u00e4use und die Haar- bzw. die Federlinge als Parasiten unter den Insekten in Erscheinung. Unter den Spinnentieren sind diesbez\u00fcglich die Zecken und die zu Milben nennen.<\/p>\n<ol>\n<li style=\"text-align: justify;\">Insekten (<strong><em>Insecta<\/em><\/strong>)\n<ul>\n<li style=\"text-align: justify;\">Haarlinge und Federlinge (<strong><em>Mallophaga<\/em><\/strong>)<\/li>\n<li style=\"text-align: justify;\">Echte Tierl\u00e4use (<strong><em>Anoplura<\/em><\/strong>)<\/li>\n<li style=\"text-align: justify;\">Lausfliegen (<strong><em>Hippoboscidae<\/em><\/strong>)<\/li>\n<\/ul>\n<\/li>\n<li style=\"text-align: justify;\">Spinnentiere (<em><strong>Arachnida<\/strong><\/em>)\n<ul>\n<li style=\"text-align: justify;\">Milben (<strong><em>Acari<\/em><\/strong>)<\/li>\n<li style=\"text-align: justify;\">Zecken (<strong><em>Ixodida<\/em><\/strong>)<\/li>\n<\/ul>\n<\/li>\n<\/ol>\n<p style=\"text-align: justify;\">Haarlinge und ihre nahen Verwandten die Federlinge bilden die Gruppe der <strong><em>Mallophaga<\/em><\/strong>. Sie ern\u00e4hren sich von Haar bzw. Federn und Hautschuppen, sowie von K\u00f6rpersekreten. Sie kommen bei den verschiedensten kleinen Heimtieren und V\u00f6geln vor. Je nach Befallsintensit\u00e4t k\u00f6nnen sie eine deuliche Ver\u00e4nderung des Haar- bzw. Federkleids und St\u00f6rungen im Allgemeinbefinden verursachen.<\/p>\n<p style=\"text-align: justify;\">Echte L\u00e4use (<strong><em>Anoplura<\/em><\/strong>) besitzen stechend-saugende Beiswerkzeuge mit denen sie abseits eines Blutverlustes vor allem einen Juckreiz verursachen. Sie kommen auf den unterschiedlichsten S\u00e4ugetiergattungen vor. Sowohl die Echten L\u00e4use als auch die Mallophaga sind ungefl\u00fcgelte kleine Insekten. Beide Gruppen kleben ihre 1-2 mm gro\u00dfen weisslichen Eier an die Haare bzw. Federn, wo sie bei genauer Beobachtung aufgefunden werden k\u00f6nnen.<\/p>\n<p style=\"text-align: justify;\">Die\u00a0 Lausfliegen (<strong><em>Hippoboscidae<\/em><\/strong>) sind stark abgeflachte Fliegen, die sich auf dem K\u00f6rper zwischen Haaren oder Federn extrem geschickt bewegen k\u00f6nnen. W\u00e4hrend einzelne stark wirtspezifische arten ihre Fl\u00fcgel im Laufe der Evolution verloren haben (z.B. Schaflausfliegen) sind vor allem Vogellausfliegen sehr wenig wirtspezifisch und k\u00f6nnen auch Stubenv\u00f6gel besieden. Wenngleich sie gelegentlich sie zu einem klinisch relevanten Blutverlust f\u00fchren, steht eine starke Beunruhigung gerade bei kleinen Wirtsarten im Vordergrund.<\/p>\n<p style=\"text-align: justify;\">Als wenig einheitlich erweisen sich die parasitierenden Milben. Die naheverwandten Arten aus der Familie der <strong><em>Macronyssidae<\/em> <\/strong>die Vogel-, die Ratten- und die Schlangenmilbe. Sie sind sehr wirtunspezifisch und saugen jeweils bei V\u00f6geln, S\u00e4ugern und Reptilien Blut. Dabei verbringen sie die meiste Zeit nicht auf dem Tier sondern in der Umgebung ihres Wirts. Aus der Familie der <strong><em>Pterygosomatide<\/em> <\/strong>gibt es bei den Reptilien hochspezifische blutsaugende Milben, die sessil auf ihrem Wirt leben. Ihre Schadwirkung bezieht sich vor allem auf den Blutverlust und einen stark ausgepr\u00e4gten Juckreiz. Bei S\u00e4ugern aber auch V\u00f6geln f\u00fchren unterschiedliche <strong><em>R\u00e4udemilben<\/em> <\/strong>zu stark juckenden Hautentz\u00fcndungen. Auch bei den <strong><em>Haarbalgmilben<\/em> <\/strong>(Demodex spec.) der S\u00e4uger stehen\u00a0 Hautentz\u00fcndungen, die mit stark schuppiger Haut, Fellverlust und einem starken Juckreiz einhergehen im Vordergrund. Ihr \u00c4quivalaent bei den V\u00f6geln sind <strong><em>Federspulmilben<\/em> <\/strong>und <strong><em>Federmilben<\/em><\/strong>. Ver\u00e4nderungen im Gefieder und Unruhe sind h\u00e4ufig die sichtbaren Folgen eines Befalls.<\/p>\n<p style=\"text-align: justify;\">Die Zecken gliedern sich in die Gruppe der Lederzecken (<strong><em>Argasidae<\/em><\/strong>) und der Schildzecken (<strong><em>Ixodidae<\/em><\/strong>) auf. Die Lederzecken befallen ihre Wirte meist nur nachts und ziehen sich tags\u00fcber in ihre Verstecke zur\u00fcck. Schildzecken verlassen in der Regel ihre Wirte nur nachdem sie sich vollgesogen haben. Zecken erweisen sich als wenig wirtspezifisch.<\/p>\n<p style=\"text-align: justify;\"><div class=\"su-spacer\" style=\"height:30px\"><\/div>\n<div style=\"text-align: center;\">\n<div><div tabindex=\"0\" class=\"cycloneslider cycloneslider-template-standard cycloneslider-width-responsive\" id=\"cycloneslider-ektoparasiten-1\" style=\"max-width:1400px\" > <div class=\"cycloneslider-slides cycle-slideshow\" data-cycle-allow-wrap=\"true\" data-cycle-dynamic-height=\"off\" data-cycle-auto-height=\"1400:1000\" data-cycle-auto-height-easing=\"null\" data-cycle-auto-height-speed=\"250\" data-cycle-delay=\"0\" data-cycle-easing=\"\" data-cycle-fx=\"fade\" data-cycle-hide-non-active=\"true\" data-cycle-log=\"false\" data-cycle-next=\"#cycloneslider-ektoparasiten-1 .cycloneslider-next\" data-cycle-pager=\"#cycloneslider-ektoparasiten-1 .cycloneslider-pager\" data-cycle-pause-on-hover=\"false\" data-cycle-prev=\"#cycloneslider-ektoparasiten-1 .cycloneslider-prev\" data-cycle-slides=\"&gt; div\" data-cycle-speed=\"1500\" data-cycle-swipe=\"false\" data-cycle-tile-count=\"7\" data-cycle-tile-delay=\"100\" data-cycle-tile-vertical=\"true\" data-cycle-timeout=\"6500\" > <div class=\"cycloneslider-slide cycloneslider-slide-image\" > <img decoding=\"async\" src=\"https:\/\/exoten-labor.de\/wp-content\/uploads\/2016\/03\/Tricocara-cavia.jpg\" alt=\"\" title=\"\" \/> <div class=\"cycloneslider-caption\"> <div class=\"cycloneslider-caption-title\">R\u00e4udemilbe (Trixacarus caviae) - Meerschweinchen (Cavia porcellus)<\/div> <div class=\"cycloneslider-caption-description\">Schweste Hautentz\u00fcndungen werden durch diese Milbe beim Meerschweinchen verursacht.<\/div> <\/div> <\/div> <div class=\"cycloneslider-slide cycloneslider-slide-image\" > <img decoding=\"async\" src=\"https:\/\/exoten-labor.de\/wp-content\/uploads\/2016\/03\/Pterygosoma-spec.-Uromastix.jpg\" alt=\"\" title=\"\" \/> <div class=\"cycloneslider-caption\"> <div class=\"cycloneslider-caption-title\">Pterygonyssus spec. - Dornschwanzagame (Uromastyx occellata)<\/div> <div class=\"cycloneslider-caption-description\">Sehr gut angepasste und getarnte Milbe der Dornschw\u00e4nze.<\/div> <\/div> <\/div> <div class=\"cycloneslider-slide cycloneslider-slide-image\" > <img decoding=\"async\" src=\"https:\/\/exoten-labor.de\/wp-content\/uploads\/2016\/03\/Knemidocoptes-x-500.jpg\" alt=\"\" title=\"\" \/> <div class=\"cycloneslider-caption\"> <div class=\"cycloneslider-caption-title\">Grabmilbe (Cnemidocoptes pilae) - Wellensittich (Melopsittacus undulatus)<\/div> <div class=\"cycloneslider-caption-description\">Auch V\u00f6gel haben ihre R\u00e4udemilben, die Juckreiz und Entz\u00fcndungen verursachen.<\/div> <\/div> <\/div> <div class=\"cycloneslider-slide cycloneslider-slide-image\" > <img decoding=\"async\" src=\"https:\/\/exoten-labor.de\/wp-content\/uploads\/2016\/03\/Ornithonyssus-bacoti.jpg\" alt=\"\" title=\"\" \/> <div class=\"cycloneslider-caption\"> <div class=\"cycloneslider-caption-title\">Tropische Rattenmilbe (Ornithonyssus bacoti)<\/div> <div class=\"cycloneslider-caption-description\">Die tropische Rattenmilbe bef\u00e4llt neben Kleinnagern und auch den Menschen.<\/div> <\/div> <\/div> <div class=\"cycloneslider-slide cycloneslider-slide-image\" > <img decoding=\"async\" src=\"https:\/\/exoten-labor.de\/wp-content\/uploads\/2016\/03\/Taubenfederling-2.jpg\" alt=\"\" title=\"\" \/> <div class=\"cycloneslider-caption\"> <div class=\"cycloneslider-caption-title\">Taubenfederling (Bonomiella columbae) - Haustaube (Columba livea)<\/div> <div class=\"cycloneslider-caption-description\">Ein kleiner Federling der Haustaube.<\/div> <\/div> <\/div> <div class=\"cycloneslider-slide cycloneslider-slide-image\" > <img decoding=\"async\" src=\"https:\/\/exoten-labor.de\/wp-content\/uploads\/2016\/03\/Pterygonyssus-Agama-agama.jpg\" alt=\"\" title=\"\" \/> <div class=\"cycloneslider-caption\"> <div class=\"cycloneslider-caption-title\">Pterygonyssus agamae - Siedleragame (Agama agama)<\/div> <div class=\"cycloneslider-caption-description\">Abgesehen von der Schlangenmilbe sind die \"Blutmilben\" der Reptilien sehr wirtspezifisch. <\/div> <\/div> <\/div> <div class=\"cycloneslider-slide cycloneslider-slide-image\" > <img decoding=\"async\" src=\"https:\/\/exoten-labor.de\/wp-content\/uploads\/2016\/03\/Lausfliege.jpg\" alt=\"\" title=\"\" \/> <div class=\"cycloneslider-caption\"> <div class=\"cycloneslider-caption-title\">Lausfliege (Ornithomya avicularia) - Gr\u00fcnspecht<\/div> <div class=\"cycloneslider-caption-description\">Lausfliegen k\u00f6nnen \u00fcber Beunruhigung und Blutverlust auch den Tod von kleinen Stubenv\u00f6geln verursachen. <\/div> <\/div> <\/div> <div class=\"cycloneslider-slide cycloneslider-slide-image\" > <img decoding=\"async\" src=\"https:\/\/exoten-labor.de\/wp-content\/uploads\/2016\/03\/Cheyletus-eruditus.jpg\" alt=\"\" title=\"\" \/> <div class=\"cycloneslider-caption\"> <div class=\"cycloneslider-caption-title\">Raubmilbe (Cheylitelus erudis)<\/div> <div class=\"cycloneslider-caption-description\">Nicht alle Milben, die in der N\u00e4he unserer Heimtiere leben sind gef\u00e4hrliche Parasiten.<\/div> <\/div> <\/div> <div class=\"cycloneslider-slide cycloneslider-slide-image\" > <img decoding=\"async\" src=\"https:\/\/exoten-labor.de\/wp-content\/uploads\/2016\/03\/Taubenfederling.jpg\" alt=\"\" title=\"\" \/> <div class=\"cycloneslider-caption\"> <div class=\"cycloneslider-caption-title\">Taubenfederling (Columbicola columbicola) - Haustaube (Columba livea)<\/div> <div class=\"cycloneslider-caption-description\">Federlinge sind nicht nur wirtspezifisch, sondern kommen auch nur in bestimmten K\u00f6rperregionen vor.<\/div> <\/div> <\/div> <div class=\"cycloneslider-slide cycloneslider-slide-image\" > <img decoding=\"async\" src=\"https:\/\/exoten-labor.de\/wp-content\/uploads\/2016\/03\/Mallophaga-Zebrafink-.jpg\" alt=\"\" title=\"\" \/> <div class=\"cycloneslider-caption\"> <div class=\"cycloneslider-caption-title\">Federling (Brueelia spec.) - Zebrafink (Taeniopygia guttata)<\/div> <div class=\"cycloneslider-caption-description\">Federlinge sch\u00e4digen vor allem das Federkleid.<\/div> <\/div> <\/div> <div class=\"cycloneslider-slide cycloneslider-slide-image\" > <img decoding=\"async\" src=\"https:\/\/exoten-labor.de\/wp-content\/uploads\/2016\/03\/Ophiomegistrus-Larve-Unterseite.jpg\" alt=\"\" title=\"\" \/> <div class=\"cycloneslider-caption\"> <div class=\"cycloneslider-caption-title\">Larve von Ophiomegistrus spec. - Langschwanzeidechse (Tacydromus sexlineatus)<\/div> <div class=\"cycloneslider-caption-description\">Sehr selten auftretende Milbe bei s\u00fcdostasiatischen wildgefangenen Reptilien.<\/div> <\/div> <\/div> <div class=\"cycloneslider-slide cycloneslider-slide-image\" > <img decoding=\"async\" src=\"https:\/\/exoten-labor.de\/wp-content\/uploads\/2016\/03\/Ornithodorus-talaje.jpg\" alt=\"\" title=\"\" \/> <div class=\"cycloneslider-caption\"> <div class=\"cycloneslider-caption-title\">Lederzecke (Ornithodorus talaje) - Zoologische Tierhaltung<\/div> <div class=\"cycloneslider-caption-description\">Lederzecken erweisen sich als wenig wirtspezifisch. Sie k\u00f6nnen sowohl kalt- als warmbl\u00fctige Wirbeltiere befallen.<\/div> <\/div> <\/div> <div class=\"cycloneslider-slide cycloneslider-slide-image\" > <img decoding=\"async\" src=\"https:\/\/exoten-labor.de\/wp-content\/uploads\/2016\/03\/Aponomma-spec.jpg\" alt=\"\" title=\"\" \/> <div class=\"cycloneslider-caption\"> <div class=\"cycloneslider-caption-title\">Schildzecke (Aponomma spec.) - Pantherschildkr\u00f6te (Stigmochelys pardalis)<\/div> <div class=\"cycloneslider-caption-description\">Die typische Zecke saugt nicht nur Blut, sondern kann auch Krankheiten \u00fcbertragen.<\/div> <\/div> <\/div> <\/div> <\/div><img loading=\"lazy\" decoding=\"async\" id=\"gmedia-image-80\" class=\"gmedia-singlepic aligncenter\" title=\"Ektoparasiten---Trenner\" src=\"https:\/\/exoten-labor.de\/wp-content\/grand-media\/image\/Ektoparasiten---Trenner.jpg\" alt=\"Ektoparasiten---Trenner\" width=\"1400\" height=\"65\" \/><\/div>\n<\/div>\n<div style=\"text-align: center;\">\n<div class=\"su-spacer\" style=\"height:30px\"><\/div>\n<\/div>\n<h3 style=\"text-align: center;\"><a href=\"_wp_link_placeholder\" data-wplink-edit=\"true\"><span style=\"color: #ff0000;\">Untersuchungsauftrag hier herunterladen<\/span><\/a><\/h3>\n","protected":false},"excerpt":{"rendered":"<p>Untersuchungsauftrag hier herunterladen Die Parasiten, die auf der K\u00f6rperoberfl\u00e4che ihres Wirtes leben, nennt man Ektoparasiten. Ihre Bezeichnung leitet sich aus dem griechischem \u03b5\u03ba\u03c4\u03bf\u03c2 (ektos= au\u00dfen) ab. Obwohl es sich fast ausnahmslos um Arthopoden also Gliederf\u00fcsser handelt beschreibt und die verwandschftlichen Verh\u00e4ltnisse sehr viel enger als bei den Endoparasiten sind, m\u00fcssen bestimmte Begriffe ebenfalls kurz erl\u00e4utert werden. Definitionen: Wirtverh\u00e4ltnisse: Grunds\u00e4tzlich bezeichnet man ein Lebewesen, dass auf oder im K\u00f6rper eines anderen lebt, Gast. Das Lebewesen, welches ihn beherbergt ist der Wirt. Ein Gast, der seinem Wirt schadet, ist ein Parasit. Grunds\u00e4tzlich ist ein Parasit auf den Wirt nat\u00fcrlicherweise angewiesen und grunds\u00e4tzlich nicht daran &#8222;interessiert&#8220; ihn zu t\u00f6ten. Allerdings wird in menschlicher \u2026<\/p>\n<p class=\"continue-reading-button\"> <a class=\"continue-reading-link\" href=\"https:\/\/exoten-labor.de\/?page_id=57\">Continue reading<i class=\"crycon-right-dir\"><\/i><\/a><\/p>\n","protected":false},"author":1,"featured_media":0,"parent":213,"menu_order":20,"comment_status":"closed","ping_status":"closed","template":"","meta":{"footnotes":""},"class_list":["post-57","page","type-page","status-publish","hentry"],"aioseo_notices":[],"_links":{"self":[{"href":"https:\/\/exoten-labor.de\/index.php?rest_route=\/wp\/v2\/pages\/57","targetHints":{"allow":["GET"]}}],"collection":[{"href":"https:\/\/exoten-labor.de\/index.php?rest_route=\/wp\/v2\/pages"}],"about":[{"href":"https:\/\/exoten-labor.de\/index.php?rest_route=\/wp\/v2\/types\/page"}],"author":[{"embeddable":true,"href":"https:\/\/exoten-labor.de\/index.php?rest_route=\/wp\/v2\/users\/1"}],"replies":[{"embeddable":true,"href":"https:\/\/exoten-labor.de\/index.php?rest_route=%2Fwp%2Fv2%2Fcomments&post=57"}],"version-history":[{"count":30,"href":"https:\/\/exoten-labor.de\/index.php?rest_route=\/wp\/v2\/pages\/57\/revisions"}],"predecessor-version":[{"id":973,"href":"https:\/\/exoten-labor.de\/index.php?rest_route=\/wp\/v2\/pages\/57\/revisions\/973"}],"up":[{"embeddable":true,"href":"https:\/\/exoten-labor.de\/index.php?rest_route=\/wp\/v2\/pages\/213"}],"wp:attachment":[{"href":"https:\/\/exoten-labor.de\/index.php?rest_route=%2Fwp%2Fv2%2Fmedia&parent=57"}],"curies":[{"name":"wp","href":"https:\/\/api.w.org\/{rel}","templated":true}]}}