{"id":42,"date":"2015-12-12T13:31:27","date_gmt":"2015-12-12T13:31:27","guid":{"rendered":"http:\/\/exoten-labor.de\/?page_id=42"},"modified":"2019-02-28T19:19:43","modified_gmt":"2019-02-28T19:19:43","slug":"parasitologie-fuer-exotische-heimtiere","status":"publish","type":"page","link":"https:\/\/exoten-labor.de\/?page_id=42","title":{"rendered":"\u00fcber Dr. H. Behncke"},"content":{"rendered":"<h4 style=\"text-align: center;\"><\/h4>\n<h4 style=\"text-align: center;\"><\/h4>\n<h4 style=\"text-align: center;\"><div class=\"su-spacer\" style=\"height:60px\"><\/div><\/h4>\n<h4 style=\"text-align: center;\"><span style=\"color: #6193bd;\"><em>Warum wendet man sich als Tierarzt den Exoten und ihren Parasiten zu? <\/em><\/span><\/h4>\n<h5 style=\"text-align: center;\"><span style=\"color: #000000;\"><strong><img loading=\"lazy\" decoding=\"async\" id=\"gmedia-image-66\" class=\"gmedia-singlepic alignnone\" title=\"Dr.-Behncke-2\" src=\"https:\/\/exoten-labor.de\/wp-content\/grand-media\/image\/Dr.-Behncke-2.jpg\" alt=\"Dr.-Behncke-2\" width=\"1467\" height=\"558\" \/><\/strong><\/span><\/h5>\n<h5 style=\"text-align: center;\"><span style=\"color: #000000;\"><strong> <span style=\"color: #6193bd;\"><em>&#8230;Wir halten unz\u00e4hlig verschiedene Kleins\u00e4uger in menschlicher Obhut, kennen ca. 10.000 unterschiedliche Reptilien, \u00fcber 10.500 V\u00f6gel und mehr als 7.000 Amphibienarten, ganz zu schweigen von der unendlich gro\u00dfen Anzahl der Invertebraten! Viel zu viele, um sich beruflich nur mit 5 oder 6 Tierarten zu befassen. Unfassbar wird f\u00fcr mich der Begriff biologische Vielfalt, wenn ich mir vorstelle, dass sie alle ihre eigenen und teilweise sehr wirtspezifische Parasiten beherbergen. &#8211; Die Neugierde mehr dar\u00fcber zu erfahren war schon immer meine Antriebskraft.&#8220;<\/em><\/span><br \/>\n<\/strong><\/span><\/h5>\n<h5 style=\"text-align: right;\">Helge Behncke<\/h5>\n<div class=\"su-spacer\" style=\"height:100px\"><\/div>\n<hr \/>\n<h3><\/h3>\n<div>\n<div tabindex=\"0\" class=\"cycloneslider cycloneslider-template-standard cycloneslider-width-responsive\" id=\"cycloneslider-&#8220;faszination-exoten&#8220;&lt;\/p&gt;-1\" style=\"max-width:1051px\" > <div class=\"cycloneslider-slides cycle-slideshow\" data-cycle-allow-wrap=\"true\" data-cycle-dynamic-height=\"off\" data-cycle-auto-height=\"1051:750\" data-cycle-auto-height-easing=\"null\" data-cycle-auto-height-speed=\"250\" data-cycle-delay=\"0\" data-cycle-easing=\"\" data-cycle-fx=\"fade\" data-cycle-hide-non-active=\"true\" data-cycle-log=\"false\" data-cycle-next=\"#cycloneslider-&#8220;faszination-exoten&#8220;&lt;\/p&gt;-1 .cycloneslider-next\" data-cycle-pager=\"#cycloneslider-&#8220;faszination-exoten&#8220;&lt;\/p&gt;-1 .cycloneslider-pager\" data-cycle-pause-on-hover=\"true\" data-cycle-prev=\"#cycloneslider-&#8220;faszination-exoten&#8220;&lt;\/p&gt;-1 .cycloneslider-prev\" data-cycle-slides=\"&gt; div\" data-cycle-speed=\"1000\" data-cycle-swipe=\"false\" data-cycle-tile-count=\"7\" data-cycle-tile-delay=\"100\" data-cycle-tile-vertical=\"true\" data-cycle-timeout=\"4000\" > <div class=\"cycloneslider-slide cycloneslider-slide-image\" > <img decoding=\"async\" src=\"https:\/\/exoten-labor.de\/wp-content\/uploads\/2016\/03\/Dendrobates-tinctorius-Brasilianer-9.jpg\" alt=\"\" title=\"\" \/> <\/div> <div class=\"cycloneslider-slide cycloneslider-slide-image\" > <img decoding=\"async\" src=\"https:\/\/exoten-labor.de\/wp-content\/uploads\/2016\/03\/Ambilobe-NZ-10-1051x750.jpg\" alt=\"\" title=\"\" \/> <\/div> <div class=\"cycloneslider-slide cycloneslider-slide-image\" > <img decoding=\"async\" src=\"https:\/\/exoten-labor.de\/wp-content\/uploads\/2016\/03\/Gouldsamadine-Hahn.jpg\" alt=\"\" title=\"\" \/> <\/div> <div class=\"cycloneslider-slide cycloneslider-slide-image\" > <img decoding=\"async\" src=\"https:\/\/exoten-labor.de\/wp-content\/uploads\/2016\/03\/Gerbil-Testkit.jpg\" alt=\"\" title=\"\" \/> <\/div> <div class=\"cycloneslider-slide cycloneslider-slide-image\" > <img decoding=\"async\" src=\"https:\/\/exoten-labor.de\/wp-content\/uploads\/2016\/03\/Welli.jpg\" alt=\"\" title=\"\" \/> <\/div> <div class=\"cycloneslider-slide cycloneslider-slide-image\" > <img decoding=\"async\" src=\"https:\/\/exoten-labor.de\/wp-content\/uploads\/2016\/03\/Dschungarischer-Zwerghamster-3.jpg\" alt=\"\" title=\"\" \/> <\/div> <div class=\"cycloneslider-slide cycloneslider-slide-image\" > <img decoding=\"async\" src=\"https:\/\/exoten-labor.de\/wp-content\/uploads\/2016\/03\/Reisfink-weiss.jpg\" alt=\"\" title=\"\" \/> <\/div> <div class=\"cycloneslider-slide cycloneslider-slide-image\" > <img decoding=\"async\" src=\"https:\/\/exoten-labor.de\/wp-content\/uploads\/2016\/03\/2-Pfirsichkoepfchen.jpg\" alt=\"\" title=\"\" \/> <\/div> <div class=\"cycloneslider-slide cycloneslider-slide-image\" > <img decoding=\"async\" src=\"https:\/\/exoten-labor.de\/wp-content\/uploads\/2016\/03\/cea1f3493c2c9584fbe4d804c7d8c518.jpg\" alt=\"\" title=\"\" \/> <\/div> <div class=\"cycloneslider-slide cycloneslider-slide-image\" > <img decoding=\"async\" src=\"https:\/\/exoten-labor.de\/wp-content\/uploads\/2016\/03\/96635b5e0ca70a473adffadc74d45450.jpg\" alt=\"\" title=\"\" \/> <\/div> <\/div> <\/div><\/h4>\n<h4 style=\"text-align: center;\"><\/h4>\n<h4 style=\"text-align: center;\"><\/h4>\n<h4 style=\"text-align: center;\">Beruf und Werdegang von Dr. med. vet. Helge Behncke<\/h4>\n<table style=\"border-color: #d3e3f0; background-color: #d3e3f0;\">\n<tbody>\n<tr>\n<td style=\"border-color: #d3e3f0; text-align: left; vertical-align: top;\"><span style=\"color: #6193bd;\">Ausbildung zum Labor MTA<\/span><\/td>\n<td style=\"border-color: #d3e3f0; vertical-align: top; text-align: right;\"><span style=\"color: #6193bd;\">Berufsfachschule; Osnabr\u00fcck<\/span><\/td>\n<\/tr>\n<tr>\n<td style=\"background-color: #ffffff; border-color: #ffffff; text-align: left; vertical-align: top;\"><span style=\"color: #96bbda;\">Studium der Veterin\u00e4rmedizin<\/span><\/td>\n<td style=\"background-color: #ffffff; border-color: #ffffff; text-align: left; vertical-align: top;\">\n<p style=\"text-align: right;\"><span style=\"color: #96bbda;\">Freie Universit\u00e4t Berlin<br \/>\nApprobation 1999<\/span><\/p>\n<\/td>\n<\/tr>\n<tr>\n<td style=\"border-color: #d3e3f0; vertical-align: top;\"><span style=\"color: #6193bd;\">Dissertation: <em><a style=\"color: #6193bd;\" href=\"http:\/\/www.vmf.uni-leipzig.de\/ik\/wgeburtshilfe\/Behncke_Helge%20Leipzig%202002.pdf\">&#8222;Spermagewinnung und<br \/>\n-untersuchungsowie endoskopische<br \/>\nBeurteilung des Geschlechtsapparats<br \/>\n&#8230;. bei Psittaziden&#8230;&#8220;<\/a><\/em><\/span><\/td>\n<td style=\"border-color: #d3e3f0; vertical-align: top;\">\n<p style=\"text-align: right;\"><span style=\"color: #6193bd;\">Klinik f\u00fcr V\u00f6gel und Reptilien; Universit\u00e4t Leipzig<br \/>\n2000 -2002; Promotion 2003<\/span><\/p>\n<p style=\"text-align: right;\">\n<\/td>\n<\/tr>\n<tr>\n<td style=\"background-color: #ffffff; border-color: #ffffff; text-align: left; vertical-align: top;\"><span style=\"color: #96bbda;\">Zusatzbezeichnung: Amphibien und Reptilien<\/span><\/td>\n<td style=\"background-color: #ffffff; border-color: #ffffff; text-align: left; vertical-align: top;\">\n<p style=\"text-align: right;\"><span style=\"color: #96bbda;\">Tier\u00e4rztekammer Westfalen-Lippe; M\u00fcnster<br \/>\n2005<\/span><\/p>\n<\/td>\n<\/tr>\n<tr>\n<td style=\"border-color: #d3e3f0; text-align: left; vertical-align: top;\"><span style=\"color: #6193bd;\">Zusatzbezeichnung: Zier- und Wildvogel<\/span><\/td>\n<td style=\"border-color: #d3e3f0; text-align: left; vertical-align: top;\">\n<p style=\"text-align: right;\"><span style=\"color: #6193bd;\">Tier\u00e4rztekammer Baden-W\u00fcrttemberg; Stuttgart<br \/>\n2006<\/span><\/p>\n<\/td>\n<\/tr>\n<tr>\n<td style=\"background-color: #ffffff; border-color: #ffffff; text-align: left; vertical-align: top;\"><span style=\"color: #96bbda;\">Labormedizin<\/span><\/p>\n<p><span style=\"color: #96bbda;\"><br \/>\nGefl\u00fcgelmedizin<\/span><\/td>\n<td style=\"background-color: #ffffff; border-color: #ffffff; text-align: left; vertical-align: top;\">\n<p style=\"text-align: right;\"><span style=\"color: #96bbda;\">LABOKLIN GmbH &amp; CoKG; Bad Kissingen<br \/>\n2003<\/span><\/p>\n<p style=\"text-align: right;\"><span style=\"color: #96bbda;\">Praxis Dr. P\u00f6ppel; Delbr\u00fcck<br \/>\n2003 &#8211; 2004<\/span><\/p>\n<\/td>\n<\/tr>\n<tr>\n<td style=\"border-color: #d3e3f0; text-align: left; vertical-align: top;\"><span style=\"color: #6193bd;\">Bestandsbetreuung Papageien<\/span><\/p>\n<p><span style=\"color: #6193bd;\"><br \/>\nBestandsbetreuung Reptiliengrosshandel<\/span><\/p>\n<p><span style=\"color: #6193bd;\"><br \/>\nBestandsbetreuung zoologischer Einzelhandel<br \/>\n<\/span><\/td>\n<td style=\"border-color: #d3e3f0; text-align: left; vertical-align: top;\">\n<p style=\"text-align: right;\"><span style=\"color: #6193bd;\">Loro Parque; Puerto de la Cruz; Teneriffa &#8211; Spanien<br \/>\n2004 &#8211; 2005<\/span><\/p>\n<p style=\"text-align: right;\"><span style=\"color: #6193bd;\">Import-Export Peter Hoch GmbH; Waldkirch<br \/>\n2006 &#8211; 2015<\/span><\/p>\n<p style=\"text-align: right;\"><span style=\"color: #6193bd;\">Dehner Gartencenter und Zoo; Freiburg<br \/>\nseit 2012<\/span><\/p>\n<p style=\"text-align: right;\"><span style=\"color: #6193bd;\">Dehner Gartencenter und Zoo; Weil<br \/>\nseit 2017<\/span><\/p>\n<p style=\"text-align: right;\"><span style=\"color: #6193bd;\">K\u00f6lle-GmbH &amp; Co.KG; Weil <\/span><br \/>\n<span style=\"color: #6193bd;\">seit 2019<\/span><\/p>\n<\/td>\n<\/tr>\n<tr>\n<td style=\"border-color: #ffffff; background-color: #ffffff; text-align: left; vertical-align: top;\"><span style=\"color: #96bbda;\">Vogel- und Reptiliensprechstunde<\/span><\/td>\n<td style=\"border-color: #ffffff; background-color: #ffffff; text-align: left; vertical-align: top;\">\n<p style=\"text-align: right;\"><span style=\"color: #96bbda;\">Kleintierpraxis Tietz; Waldkirch<br \/>\nseit 2006<\/span><\/p>\n<p style=\"text-align: right;\"><span style=\"color: #96bbda;\">Kleintierklinik Frank; Freiburg<\/span><br \/>\n<span style=\"color: #96bbda;\">seit 2016<\/span><\/p>\n<p style=\"text-align: right;\"><span style=\"color: #96bbda;\">Kleintierpraxis Dressel; Streinen<\/span><br \/>\n<span style=\"color: #96bbda;\">seit 2016<\/span><\/p>\n<\/td>\n<\/tr>\n<tr>\n<td style=\"border-color: #d3e3f0; text-align: left; vertical-align: top;\"><span style=\"color: #6193bd;\">Weitere berufliche T\u00e4tigkeiten und Erfahrung<\/span><\/p>\n<p><span style=\"color: #6193bd;\">\u00a0<\/span><\/td>\n<td style=\"border-color: #d3e3f0; text-align: left; vertical-align: top;\">\n<p style=\"text-align: right;\"><span style=\"color: #6193bd;\">Gefl\u00fcgelmedizin, Institut f\u00fcr Gefl\u00fcgelkrankheiten; Giessen<\/span><\/p>\n<p style=\"text-align: right;\"><span style=\"color: #6193bd;\"> Zootiermedizin, Zoologischer Garten Leipzig; Leipzig<\/span><\/p>\n<p style=\"text-align: right;\"><span style=\"color: #6193bd;\"> Falkenmedizin &#8211; Al Wasl Veterinary Hospital; Dubai &#8211; VAE<\/span><\/p>\n<p style=\"text-align: right;\"><span style=\"color: #6193bd;\"> Zoo-, Wildier und Exotenmedizin &#8211; Cornell University &#8211; USA<\/span><\/p>\n<p style=\"text-align: right;\"><span style=\"color: #6193bd;\"> Zoo Osnabr\u00fcck; Osnabr\u00fcck<\/span><\/p>\n<\/td>\n<\/tr>\n<\/tbody>\n<\/table>\n","protected":false},"excerpt":{"rendered":"<p>Warum wendet man sich als Tierarzt den Exoten und ihren Parasiten zu? &#8230;Wir halten unz\u00e4hlig verschiedene Kleins\u00e4uger in menschlicher Obhut, kennen ca. 10.000 unterschiedliche Reptilien, \u00fcber 10.500 V\u00f6gel und mehr als 7.000 Amphibienarten, ganz zu schweigen von der unendlich gro\u00dfen Anzahl der Invertebraten! Viel zu viele, um sich beruflich nur mit 5 oder 6 Tierarten zu befassen. Unfassbar wird f\u00fcr mich der Begriff biologische Vielfalt, wenn ich mir vorstelle, dass sie alle ihre eigenen und teilweise sehr wirtspezifische Parasiten beherbergen. &#8211; Die Neugierde mehr dar\u00fcber zu erfahren war schon immer meine Antriebskraft.&#8220; Helge Behncke Beruf und Werdegang von Dr. med. vet. Helge Behncke Ausbildung zum Labor MTA Berufsfachschule; Osnabr\u00fcck Studium \u2026<\/p>\n<p class=\"continue-reading-button\"> <a class=\"continue-reading-link\" href=\"https:\/\/exoten-labor.de\/?page_id=42\">Continue reading<i class=\"crycon-right-dir\"><\/i><\/a><\/p>\n","protected":false},"author":1,"featured_media":0,"parent":0,"menu_order":40,"comment_status":"closed","ping_status":"closed","template":"","meta":{"footnotes":""},"class_list":["post-42","page","type-page","status-publish","hentry"],"aioseo_notices":[],"_links":{"self":[{"href":"https:\/\/exoten-labor.de\/index.php?rest_route=\/wp\/v2\/pages\/42","targetHints":{"allow":["GET"]}}],"collection":[{"href":"https:\/\/exoten-labor.de\/index.php?rest_route=\/wp\/v2\/pages"}],"about":[{"href":"https:\/\/exoten-labor.de\/index.php?rest_route=\/wp\/v2\/types\/page"}],"author":[{"embeddable":true,"href":"https:\/\/exoten-labor.de\/index.php?rest_route=\/wp\/v2\/users\/1"}],"replies":[{"embeddable":true,"href":"https:\/\/exoten-labor.de\/index.php?rest_route=%2Fwp%2Fv2%2Fcomments&post=42"}],"version-history":[{"count":165,"href":"https:\/\/exoten-labor.de\/index.php?rest_route=\/wp\/v2\/pages\/42\/revisions"}],"predecessor-version":[{"id":848,"href":"https:\/\/exoten-labor.de\/index.php?rest_route=\/wp\/v2\/pages\/42\/revisions\/848"}],"wp:attachment":[{"href":"https:\/\/exoten-labor.de\/index.php?rest_route=%2Fwp%2Fv2%2Fmedia&parent=42"}],"curies":[{"name":"wp","href":"https:\/\/api.w.org\/{rel}","templated":true}]}}