{"id":213,"date":"2016-01-05T12:28:26","date_gmt":"2016-01-05T12:28:26","guid":{"rendered":"http:\/\/exoten-labor.de\/?page_id=213"},"modified":"2025-05-07T17:41:27","modified_gmt":"2025-05-07T17:41:27","slug":"untersuchungsset-a-endoparasitenektoparasiten","status":"publish","type":"page","link":"https:\/\/exoten-labor.de\/?page_id=213","title":{"rendered":"Diagnoseset PARA"},"content":{"rendered":"<div>\u00a0<div tabindex=\"0\" class=\"cycloneslider cycloneslider-template-standard cycloneslider-width-responsive\" id=\"cycloneslider-790-1\" style=\"max-width:1400px\" > <div class=\"cycloneslider-slides cycle-slideshow\" data-cycle-allow-wrap=\"true\" data-cycle-dynamic-height=\"off\" data-cycle-auto-height=\"1400:600\" data-cycle-auto-height-easing=\"null\" data-cycle-auto-height-speed=\"250\" data-cycle-delay=\"0\" data-cycle-easing=\"\" data-cycle-fx=\"fade\" data-cycle-hide-non-active=\"true\" data-cycle-log=\"false\" data-cycle-next=\"#cycloneslider-790-1 .cycloneslider-next\" data-cycle-pager=\"#cycloneslider-790-1 .cycloneslider-pager\" data-cycle-pause-on-hover=\"false\" data-cycle-prev=\"#cycloneslider-790-1 .cycloneslider-prev\" data-cycle-slides=\"&gt; div\" data-cycle-speed=\"1500\" data-cycle-swipe=\"false\" data-cycle-tile-count=\"7\" data-cycle-tile-delay=\"100\" data-cycle-tile-vertical=\"true\" data-cycle-timeout=\"4000\" > <div class=\"cycloneslider-slide cycloneslider-slide-image\" > <img decoding=\"async\" src=\"https:\/\/exoten-labor.de\/wp-content\/uploads\/2016\/03\/Eimeria-media-und-Eimeria-stidai-Oocysten-Kaninchen-Oryctolagus-cuniculi-x-250-1400x600.jpg\" alt=\"\" title=\"\" \/> <\/div> <div class=\"cycloneslider-slide cycloneslider-slide-image\" > <img decoding=\"async\" src=\"https:\/\/exoten-labor.de\/wp-content\/uploads\/2016\/03\/Rattenbandwurm-Hymenolepis-diminuta-Goldhamster-Mesocricetus-auratus-X-500-1400x600.jpg\" alt=\"\" title=\"\" \/> <\/div> <div class=\"cycloneslider-slide cycloneslider-slide-image\" > <img decoding=\"async\" src=\"https:\/\/exoten-labor.de\/wp-content\/uploads\/2016\/03\/Pentastomide-Raillietiella-spec.-Hausgecko-Hemidactylus-frenata-1400x600.jpg\" alt=\"\" title=\"\" \/> <\/div> <div class=\"cycloneslider-slide cycloneslider-slide-image\" > <img decoding=\"async\" src=\"https:\/\/exoten-labor.de\/wp-content\/uploads\/2016\/03\/4bca558f8c90ebace830bd6a08a2541a-1400x600.jpg\" alt=\"\" title=\"\" \/> <\/div> <\/div> <\/div><\/div>\n<p style=\"text-align: justify;\">Das <em><strong>Diagnoseset Para<\/strong><\/em> ist eine Untersuchung auf <em>Endo<\/em>&#8211; <strong>oder<\/strong> <em>Ektoparasiten<\/em>. Wo die Unterscheidung zwischen beiden Gruppen liegt, was sie bei der Probennahme und dem Versand beachten m\u00fcssen, erfahren Sie auf dieser und den folgenden Webseiten.<\/p>\n<p style=\"text-align: justify;\">Parasiten lassen sich entsprechend ihres Lebens auf oder im K\u00f6rper des Wirt in zwei verschiedene Gruppen einteilen. Zum einen gibt es die parasit\u00e4ren Mitbewohner, die au\u00dfen (\u03b5\u03ba\u03c4\u03bf\u03c2\u00a0 <em>ektos = au\u00dfen<\/em>) auf der K\u00f6rperoberfl\u00e4che parasitieren &#8211; die <em>Ektoparasiten<\/em>. Fast ausnahmslos handelt es sich bei ihnen um Gliedertiere, zu denen neben den Spinnentieren wie Milben und Zecken auch Insekten z.B. L\u00e4suse z\u00e4hlen. Allerdings gilt auch hier: Nicht jedes &#8222;Krabbeltier&#8220; auf oder in der N\u00e4he Ihres Pfleglings ist ein Parasit. Vielfach handelt es sich nur um zuf\u00e4llige Mitbewohner, die von den g\u00fcnstigen Gegebenheiten im K\u00e4fig oder im Terrarium profitieren. F\u00fcr eine Unterscheidung zwischen Gut und B\u00f6se bietet es sich an, eine Probe untersuchen zu lassen. Dazu k\u00f6nnen Sie neben den fraglichen Tierchen auch Haare, Federn oder Hautgeschabsel einschicken. Wollen Sie mehr \u00fcber Ektoparasiten und die Untersuchung erfahren klicken Sie bitte auf das untenstehende Bild bzw. auf den Bildtitel.<\/p>\n<h4 style=\"text-align: center;\"><div class=\"su-spacer\" style=\"height:30px\"><\/div><a title=\"TEST\" href=\"https:\/\/exoten-labor.de\/wp-content\/uploads\/2025\/03\/Einsendeformular-Exotenlabor-9-24.pdf\" target=\"_blank\" rel=\"noopener\"><strong>Untersuchungsauftrag hier herunterladen<\/strong><\/a><\/h4>\n<p style=\"text-align: justify;\"><div class=\"su-spacer\" style=\"height:30px\"><\/div>\n<h4 style=\"text-align: center;\"><\/h4>\n<h5 style=\"text-align: center;\"><a href=\"https:\/\/exoten-labor.de\/?page_id=57\">Mehr \u00fcber Ektoparasiten und deren Nachweis<div class=\"su-spacer\" style=\"height:30px\"><\/div><\/a><\/h5>\n<p><a href=\"https:\/\/exoten-labor.de\/?page_id=57\"><img loading=\"lazy\" decoding=\"async\" id=\"gmedia-image-69\" class=\"gmedia-singlepic aligncenter\" title=\"Capitulum-Amblyomma-spec.-DF\" src=\"https:\/\/exoten-labor.de\/wp-content\/grand-media\/image\/Capitulum-Amblyomma-spec.-DF.jpg\" alt=\"Capitulum-Amblyomma-spec.-DF\" width=\"1051\" height=\"400\" \/><\/a><\/p>\n<p style=\"text-align: right;\">Bild: Kopf einer afrikanischen Schildzecke (<em>Amblyomma spec<\/em>.) (Dunkelfeld\/Vergr\u00f6\u00dferung x 125)<\/p>\n<p style=\"text-align: center;\"><div class=\"su-spacer\" style=\"height:30px\"><\/div>\n<p style=\"text-align: justify;\">Die Parasiten, die im Inneren (\u03b5\u03bd\u03b4\u03bf\u03c2<em> endos<\/em>= innen) des K\u00f6rpers leben, nennt man entsprechend <em>Endoparasiten<\/em>. Ihre Einteilung ist sehr viel weitreichender. So kommen neben den vielzelligen auch einzellige Parsiten vor. Zu den letzteren z\u00e4hlen neben Gei\u00dfeltierchen (<em>Flagellaten<\/em>), &#8222;Wechseltierchen&#8220; (<em>Am\u00f6ben<\/em>) auch Wimpertierchen (<em>Cilliaten<\/em>) und Sporentierchen (<em>Kokzidien<\/em>). Die bekanntesten endoparasit\u00e4ren Vielzeller sind nat\u00fcrlich die W\u00fcrmer (<em>Helminthen<\/em>). Neben dieser simplen Klassifizierung gibt es bei den Endoparasiten auch eine Einteilung nach der Lokalit\u00e4t des Auftretens. Es muss bedacht werden, dass Endoparasiten nicht nur im Magen-Darm-Trakt eines Wirtes leben, sondern artab\u00e4ngig auch andere K\u00f6rperorgane wie das Blut oder den Harntrakt, das Muskel- das Nervengewebe usw. befallen k\u00f6nnen. Eine Besiedlung dieser Organe kann nat\u00fcrlich nicht \u00fcber eine Kotprobe nachgewiesen werden. Wenn Sie mehr \u00fcber den Nachweis von Endoparasiten und die Grenzen der koprologischen Diagnostik erfahren wollen, klicken Sie bitte auf das Bild und die \u00dcberschrift.<\/p>\n<p style=\"text-align: justify;\"><div class=\"su-spacer\" style=\"height:30px\"><\/div>\n<h5 style=\"text-align: center;\"><a href=\"https:\/\/exoten-labor.de\/?page_id=55\">Mehr \u00fcber Endoparasiten und deren Nachweis<div class=\"su-spacer\" style=\"height:30px\"><\/div><\/a><\/h5>\n<p style=\"text-align: justify;\"><a href=\"https:\/\/exoten-labor.de\/?page_id=55\"><img loading=\"lazy\" decoding=\"async\" id=\"gmedia-image-70\" class=\"gmedia-singlepic aligncenter\" title=\"Camallanus-Mundwerkzeug-Laterolateral\" src=\"https:\/\/exoten-labor.de\/wp-content\/grand-media\/image\/Camallanus-Mundwerkzeug-Laterolateral.jpg\" alt=\"Camallanus-Mundwerkzeug-Laterolateral\" width=\"1051\" height=\"400\" \/><\/a><\/p>\n<p style=\"text-align: right;\">Bild: Kopf eines Fr\u00e4sskopfwurmes (<em>Serpinema spec.<\/em>) (Schr\u00e4gansicht: Rheinbergbeleuchtung\/ Vergr\u00f6\u00dferung x 125)<\/p>\n<h4 style=\"text-align: center;\"><div class=\"su-spacer\" style=\"height:30px\"><\/div><a title=\"TEST\" href=\"https:\/\/exoten-labor.de\/wp-content\/uploads\/2025\/03\/Einsendeformular-Exotenlabor-9-24.pdf\" target=\"_blank\" rel=\"noopener\"><strong>Untersuchungsauftrag hier herunterladen<\/strong><\/a><\/h4>\n","protected":false},"excerpt":{"rendered":"<p>\u00a0 Das Diagnoseset Para ist eine Untersuchung auf Endo&#8211; oder Ektoparasiten. Wo die Unterscheidung zwischen beiden Gruppen liegt, was sie bei der Probennahme und dem Versand beachten m\u00fcssen, erfahren Sie auf dieser und den folgenden Webseiten. Parasiten lassen sich entsprechend ihres Lebens auf oder im K\u00f6rper des Wirt in zwei verschiedene Gruppen einteilen. Zum einen gibt es die parasit\u00e4ren Mitbewohner, die au\u00dfen (\u03b5\u03ba\u03c4\u03bf\u03c2\u00a0 ektos = au\u00dfen) auf der K\u00f6rperoberfl\u00e4che parasitieren &#8211; die Ektoparasiten. Fast ausnahmslos handelt es sich bei ihnen um Gliedertiere, zu denen neben den Spinnentieren wie Milben und Zecken auch Insekten z.B. L\u00e4suse z\u00e4hlen. Allerdings gilt auch hier: Nicht jedes &#8222;Krabbeltier&#8220; auf oder in der N\u00e4he Ihres Pfleglings \u2026<\/p>\n<p class=\"continue-reading-button\"> <a class=\"continue-reading-link\" href=\"https:\/\/exoten-labor.de\/?page_id=213\">Continue reading<i class=\"crycon-right-dir\"><\/i><\/a><\/p>\n","protected":false},"author":1,"featured_media":0,"parent":61,"menu_order":0,"comment_status":"closed","ping_status":"closed","template":"","meta":{"footnotes":""},"class_list":["post-213","page","type-page","status-publish","hentry"],"aioseo_notices":[],"_links":{"self":[{"href":"https:\/\/exoten-labor.de\/index.php?rest_route=\/wp\/v2\/pages\/213","targetHints":{"allow":["GET"]}}],"collection":[{"href":"https:\/\/exoten-labor.de\/index.php?rest_route=\/wp\/v2\/pages"}],"about":[{"href":"https:\/\/exoten-labor.de\/index.php?rest_route=\/wp\/v2\/types\/page"}],"author":[{"embeddable":true,"href":"https:\/\/exoten-labor.de\/index.php?rest_route=\/wp\/v2\/users\/1"}],"replies":[{"embeddable":true,"href":"https:\/\/exoten-labor.de\/index.php?rest_route=%2Fwp%2Fv2%2Fcomments&post=213"}],"version-history":[{"count":44,"href":"https:\/\/exoten-labor.de\/index.php?rest_route=\/wp\/v2\/pages\/213\/revisions"}],"predecessor-version":[{"id":974,"href":"https:\/\/exoten-labor.de\/index.php?rest_route=\/wp\/v2\/pages\/213\/revisions\/974"}],"up":[{"embeddable":true,"href":"https:\/\/exoten-labor.de\/index.php?rest_route=\/wp\/v2\/pages\/61"}],"wp:attachment":[{"href":"https:\/\/exoten-labor.de\/index.php?rest_route=%2Fwp%2Fv2%2Fmedia&parent=213"}],"curies":[{"name":"wp","href":"https:\/\/api.w.org\/{rel}","templated":true}]}}