{"id":175,"date":"2015-12-29T22:56:29","date_gmt":"2015-12-29T22:56:29","guid":{"rendered":"http:\/\/exoten-labor.de\/?page_id=175"},"modified":"2023-04-01T20:49:37","modified_gmt":"2023-04-01T20:49:37","slug":"cryptosporidien","status":"publish","type":"page","link":"https:\/\/exoten-labor.de\/?page_id=175","title":{"rendered":"Kryptosporidien"},"content":{"rendered":"<div><\/div>\n<div><img loading=\"lazy\" decoding=\"async\" id=\"gmedia-image-88\" class=\"gmedia-singlepic aligncenter\" title=\"Kryptosporidien\" src=\"https:\/\/exoten-labor.de\/wp-content\/grand-media\/image\/Kryptosporidien.jpg\" alt=\"Kryptosporidien\" width=\"1400\" height=\"420\" \/><div class=\"su-spacer\" style=\"height:30px\"><\/div><\/div>\n<h5>Allgemein<\/h5>\n<div style=\"text-align: justify;\">Obwohl <strong><em>Crypto- <\/em><\/strong>oder<strong> <em>Kryptosporidien<\/em> <\/strong>in unterschiedlichen Arten bei fast allen Wirbeltierarten inklusive des Menschen schwere Durchf\u00e4lle ausl\u00f6sen k\u00f6nnen, sind unter den exotischen Heimtieren am schwersten Reptilien von einem Befall betroffen. W\u00e4hrend bis vor 15 &#8211; 20 Jahren noch die Am\u00f6be <em>(Entamoeba invadens<\/em>) als das parasitologisches Schreckgespenst in der Terraristik galt, haben Cryptosporidien diese Rolle in den 2000er Jahren erfolgreich \u00fcbernommen. Ihr Name leitet sich vom griechischen \u2135\u03c1\u03d2\u03c0\u03c4\u03c2 (<em>crypt<\/em> &#8211; versteckt) und \u03c3\u03c0\u03bf\u03c1\u03b1 (<em>spora<\/em> &#8211; Samen). Diesen Namen machen sie auch alle Ehre. Durch ihre geringe Gr\u00f6\u00dfe und ihre physikalischen Eigenschaften (z.B. das Anf\u00e4rbeverhalten) sind extrem unauff\u00e4llig und sind mit konventionellen Nachweismethoden nicht zuverl\u00e4ssig diagnostizierbar.<\/div>\n<div><\/div>\n<div>Vermehrungszyklus und Biologie<\/div>\n<div><\/div>\n<div style=\"text-align: justify;\">Kryptosporidien geh\u00f6ren in die weitl\u00e4ufige Verwandschaft der Kokzidien <em><strong>(Apicomplexa<\/strong><\/em>). Ihre Oocysten sind mit etwa 5 bis 7\u00a0\u03bcm Durchmesser die kleinsten innerhalb der Grupppe. Wie bei Kokzidien werden die Dauerformen (<em>Oozysten) <\/em>\u00fcber das Maul<em> (oral)<\/em> aufgenommen. Aus diesen werden im Magen-Darmtrakt zun\u00e4chst vier <em>Sporozoiten<\/em> freigesetzt, die die Epithelzellen der Schleimhaut befallen. In den Zellen vermehren sie sich zun\u00e4chst ungeschlechtlich (asexuel). Dabei werden wiederum Parasitenstadien die <em>Merozoiten<\/em> freigesetzt, die wiederum Darmzellen befallen. Erst sp\u00e4ter setzt die geschlechtliche Fortpflanzung ein, in der m\u00e4nnliche und weibliche <em>Gameten<\/em> entstehen. Aus der geschlechtlichen Vermehrung resultieren die <em>Oocyten<\/em>. Bei Kryptosporidien entstehen zwei unterschiedliche Oocyten. 1. d\u00fcnnschalige Oocysten: aus ihnen entwickeln sich direkt im Wirt neue Sporozoiten; 2. dickschaligige Oocysten: sie werden mit dem Kot ausgeschieden und sporolieren in der Aussenwelt, um dann von einem zweiten Wirt aufgenommen zu werden. Insgsamt bedeuten diese Vermehrungsschritte eine exponentielle Vermehrung der parasit\u00e4ren Zwischenstadien, die mit einer massiven Epithelzerst\u00f6rung im Magen- Darmtrakt einhergeht. Dennoch liegen die einzelnen parast\u00e4ren Stadien niemals unmittelbar intrazellul\u00e4r vor und sind nur schlecht vom Immunsystem des Wirtes angreifbar.<\/div>\n<div>Neben der geringen Gr\u00f6\u00dfe und der schweren Nachweisbarkeit erweisen sich Kryptosporidien aufgrund der Oozystenwand in der Aussenwelt als extrem wiederstandsf\u00e4hig. Dauerformen k\u00f6nnen so nicht nur sehr lange persistieren (mehrere Monate), sondern es m\u00fcssen auch spezielle Desinfektionsmittel verwendet werden.<\/div>\n<div><\/div>\n<hr \/>\n<h5><div tabindex=\"0\" class=\"cycloneslider cycloneslider-template-standard cycloneslider-width-responsive\" id=\"cycloneslider-kryptosporidien-symptome-1\" style=\"max-width:1400px\" > <div class=\"cycloneslider-slides cycle-slideshow\" data-cycle-allow-wrap=\"true\" data-cycle-dynamic-height=\"off\" data-cycle-auto-height=\"1400:1000\" data-cycle-auto-height-easing=\"null\" data-cycle-auto-height-speed=\"250\" data-cycle-delay=\"0\" data-cycle-easing=\"\" data-cycle-fx=\"fade\" data-cycle-hide-non-active=\"true\" data-cycle-log=\"false\" data-cycle-next=\"#cycloneslider-kryptosporidien-symptome-1 .cycloneslider-next\" data-cycle-pager=\"#cycloneslider-kryptosporidien-symptome-1 .cycloneslider-pager\" data-cycle-pause-on-hover=\"true\" data-cycle-prev=\"#cycloneslider-kryptosporidien-symptome-1 .cycloneslider-prev\" data-cycle-slides=\"&gt; div\" data-cycle-speed=\"1000\" data-cycle-swipe=\"false\" data-cycle-tile-count=\"7\" data-cycle-tile-delay=\"100\" data-cycle-tile-vertical=\"true\" data-cycle-timeout=\"4000\" > <div class=\"cycloneslider-slide cycloneslider-slide-image\" > <img decoding=\"async\" src=\"https:\/\/exoten-labor.de\/wp-content\/uploads\/2016\/03\/Nattern-NZ-11.jpg\" alt=\"\" title=\"\" \/> <div class=\"cycloneslider-caption\"> <div class=\"cycloneslider-caption-title\">\u00dcbertragungswege<\/div> <div class=\"cycloneslider-caption-description\">Klinisch gesunde Tiere k\u00f6nnen Tr\u00e4ger von Kryptosporidien sein und unbemerkt \u00fcbertragen.<\/div> <\/div> <\/div> <div class=\"cycloneslider-slide cycloneslider-slide-image\" > <img decoding=\"async\" src=\"https:\/\/exoten-labor.de\/wp-content\/uploads\/2016\/03\/Panguttata-snow.jpg\" alt=\"\" title=\"\" \/> <div class=\"cycloneslider-caption\"> <div class=\"cycloneslider-caption-title\">Hochgradige Abmagerung (Kachexsie)<\/div> <div class=\"cycloneslider-caption-description\">Unterschiedliche Erkrankungen k\u00f6nnen zur Kachexsie f\u00fchren - Kryptosporidien sind ein Grund.<\/div> <\/div> <\/div> <div class=\"cycloneslider-slide cycloneslider-slide-image\" > <img decoding=\"async\" src=\"https:\/\/exoten-labor.de\/wp-content\/uploads\/2016\/03\/Kryptosporidien-EUB-mac.jpg\" alt=\"\" title=\"\" \/> <div class=\"cycloneslider-caption\"> <div class=\"cycloneslider-caption-title\">Leopardgecko mit reduziertem Allgemeinzustand<\/div> <div class=\"cycloneslider-caption-description\">Vor allem intensiv gez\u00fcchtete Tierarten wie Leopardgeckos und Kornnattern sind h\u00e4ufig betroffen.<\/div> <\/div> <\/div> <div class=\"cycloneslider-slide cycloneslider-slide-image\" > <img decoding=\"async\" src=\"https:\/\/exoten-labor.de\/wp-content\/uploads\/2016\/03\/Kryptosporidiose-Eub-Mac.jpg\" alt=\"\" title=\"\" \/> <div class=\"cycloneslider-caption\"> <div class=\"cycloneslider-caption-title\">An Kryptosporidiose erkrankter Gecko<\/div> <div class=\"cycloneslider-caption-description\">Ein langsames Verhungern bei gleichzeitigem Appetit ist ein tympisches Symptom.<\/div> <\/div> <\/div> <div class=\"cycloneslider-slide cycloneslider-slide-image\" > <img decoding=\"async\" src=\"https:\/\/exoten-labor.de\/wp-content\/uploads\/2016\/03\/255026579b7054c11b57dad155cf838b.jpg\" alt=\"\" title=\"\" \/> <div class=\"cycloneslider-caption\"> <div class=\"cycloneslider-caption-title\">H\u00e4utungsschwierigkeit <\/div> <div class=\"cycloneslider-caption-description\">St\u00f6rungen im Wasserhaushalt sind oft auf eine Durchfallerkrankung zur\u00fcckzuf\u00fchren und k\u00f6nnen H\u00e4utungsschwierigkeiten ausl\u00f6sen.<\/div> <\/div> <\/div> <div class=\"cycloneslider-slide cycloneslider-slide-image\" > <img decoding=\"async\" src=\"https:\/\/exoten-labor.de\/wp-content\/uploads\/2016\/03\/Kryptosporidiose-Eub-Mac-2.jpg\" alt=\"\" title=\"\" \/> <div class=\"cycloneslider-caption\"> <div class=\"cycloneslider-caption-title\">Hochgradige Kachexsie<\/div> <div class=\"cycloneslider-caption-description\">Typischer \"Wasserbauch\" mit massiv reduzierten Fettk\u00f6rpern.<\/div> <\/div> <\/div> <div class=\"cycloneslider-slide cycloneslider-slide-image\" > <img decoding=\"async\" src=\"https:\/\/exoten-labor.de\/wp-content\/uploads\/2016\/03\/Kot-Leopardgecko.jpg\" alt=\"\" title=\"\" \/> <div class=\"cycloneslider-caption\"> <div class=\"cycloneslider-caption-title\">Durchfall<\/div> <div class=\"cycloneslider-caption-description\">Typischerweise aber nicht immer vorhandener beige-w\u00e4ssriger Durchfall mit Futterbestandteilen.<\/div> <\/div> <\/div> <div class=\"cycloneslider-slide cycloneslider-slide-image\" > <img decoding=\"async\" src=\"https:\/\/exoten-labor.de\/wp-content\/uploads\/2016\/03\/68aa7a6fc42ec3cc31603df9c6a79890.jpg\" alt=\"\" title=\"\" \/> <div class=\"cycloneslider-caption\"> <div class=\"cycloneslider-caption-title\">Schildkr\u00f6ten als Tr\u00e4ger<\/div> <div class=\"cycloneslider-caption-description\">Auch Schildkr\u00f6ten haben \"ihre\" Kryptosporidien.<\/div> <\/div> <\/div> <div class=\"cycloneslider-slide cycloneslider-slide-image\" > <img decoding=\"async\" src=\"https:\/\/exoten-labor.de\/wp-content\/uploads\/2016\/03\/Acanthosaura-cf-lepidogaster-China.jpg\" alt=\"\" title=\"\" \/> <div class=\"cycloneslider-caption\"> <div class=\"cycloneslider-caption-title\">Wildf\u00e4nge<\/div> <div class=\"cycloneslider-caption-description\">Nicht nur Nachzuchten sondern auch Wildf\u00e4nge sind oft Tr\u00e4ger von Kryptosporidien.<\/div> <\/div> <\/div> <\/div> <a href=\"#\" class=\"cycloneslider-prev\"> <span class=\"arrow\"><\/span> <\/a> <a href=\"#\" class=\"cycloneslider-next\"> <span class=\"arrow\"><\/span> <\/a> <\/div><\/h5>\n<hr \/>\n<h5>Arten<\/h5>\n<div style=\"text-align: justify;\">Kryptosporidien gelten als relativ wenig wirtspezifisch.<em> Cryptosporidium parvum<\/em> kann neben K\u00e4lbern, Schweine, Affen und andere S\u00e4ugetiere befallen. Auch beim Menschen k\u00f6nnen durch diese Art schwerste Durchfallerkrankungen bei einer Immunsuppremierung verursacht werden. Durch kontaminiertes Trinkwasser kommen auch in der &#8222;westlichen Welt&#8220; regelrechte Seuchenz\u00fcge vor. Bei Reptilien kommen die Arten<em> C. serpentes<\/em> und <em>C. saurophilum<\/em> vor. Auch wenn der Name eine gewisse Affinit\u00e4t zu Schlangen (= <em>serpentes<\/em>) und zu den Echsen (= <em>saurophilum<\/em>) vorgibt, lassen sie sich auf fast alle Reptilien \u00fcbertragen. Eine \u00dcbertragung von &#8222;K\u00e4lte-adaptierten&#8220; Reptilienkryptosporidien auf den Menschen ist jedoch nicht m\u00f6glich. Ebensowenig k\u00f6nnen Kryptosporidien der Futtertiere z.B. <em>C. muris<\/em> auf Reptilien \u00fcbetragen werden. Allerdings k\u00f6nnen sie durchaus bei Reptilien als Darmpassanten (aus Futtertieren!) auftreten und entsprechend nachgewiesen werden.<\/div>\n<div><\/div>\n<h5>Symptome<\/h5>\n<p style=\"text-align: justify;\">Da Kryptosporidien die Magen bzw. die Darmschleimhaut zerst\u00f6ren, ist die Verdauung stark beeintr\u00e4chtig. Das h\u00e4ufigste Symptom, welches dem Besitzer auff\u00e4llt, ist, dass die Tiere oder auch nur einzelne Tiere einer Gruppe abmagern. Schlangen w\u00fcrgen ihre Nahrung oftmals wieder aus. Bei Echsen sind h\u00e4ufig unverdaute Futtertiere im d\u00fcnnen Kot. Viele Tiere lagern sehr viel Wasser in den Magen-Darmtrakt ein. Insbesonders bei Jungtieren entsteht so der Eindruck eines &#8222;Wasserbauchs&#8220;. Der typische Krankheitsverlauf endet mit dem Tod durch Verhungern, obwohl der Appetit bis zuletzt oft erhalten ist. <em>C. sepentes<\/em> soll im Magen eine so starke Entz\u00fcndung hervorrufen, dass sich die Magenwand verdickt und als Schwellung im vorderen K\u00f6rperdrittel auff\u00e4llt.<\/p>\n<h5>Nachweise<\/h5>\n<p>Die geringe Gr\u00f6\u00dfe macht einen direkten Nachweis im Kotausstrich nahezu unm\u00f6glich. Hefen, Pilze, kleine Kristalle sind ihnen so \u00e4hnlich, dass eine zuverl\u00e4ssige Differenzierung kaum m\u00f6glich ist. Zahlreiche F\u00e4rbeverfahren werden verwendet um ihre Diagnostik zu verbessern. Dies reicht von einfachsten F\u00e4rbungen wie die <strong>Karbolfuchsin<\/strong> F\u00e4rbung und die deutlich sensitivere modifizierte <strong>Ziehl-Neelson<\/strong> F\u00e4rbung. Auch wenn es sich teilweise um relativ zuverl\u00e4ssige Verfahren handelt, resultiert keine 100%ige Nachweissicherheit bei gleichzeitiger Vermeidung von falsch positiven Ergebnissen. Erst im Laufe der letzten 10-20 Jahre wurden immunulogische und genetische Nachweise eingef\u00fchrt, die ben\u00f6tigte Nachweissicherheit bringen.<\/p>\n<p style=\"text-align: justify;\">Bei dem <strong>IFAT<\/strong> (<em><strong>i<\/strong>ndirect <strong>F<\/strong>luoreszens <strong>A<\/strong>ntibody <strong>t<\/strong>echnic<\/em>) werden im Kot vorhandene Kryptosporidien mittels fluoriszierenden Antik\u00f6rpern im Fluoreszensmikroskop sichtbar gemacht. Leider erweist sich dieses Testkit als nur bedingt geeigneet f\u00fcr &#8222;Reptilienkryptosporidien&#8220;. Beim <strong>ELISA<\/strong> (<em><strong>E<\/strong>nzyme-<strong>L<\/strong>inked <strong>I<\/strong>mmuno<strong>s<\/strong>orbent <strong>A<\/strong>ssay<\/em>) werden Kryptosporidien aus den (Kot-)proben mittels spezifischen Antik\u00f6rpern auf einer Mikrotiterplatte gebunden und nach einem Waschvorgang angef\u00e4rbt. Der Nachweis ist sehr genau, erm\u00f6glich aber keine Differenzierung der einzelnen Kryptosoridienspezies. Bei der <strong>PCR<\/strong> (<em><strong>P<\/strong>olymerase <strong>C<\/strong>hain <strong>R<\/strong>eaction<\/em>) wird das Erbgut der Kryptosporidien vermehrt und anschliessend sichtbar gemacht. Wie auch der ELISA reagiert der Test sehr sensitiv. Neuere Testkits erm\u00f6glichen auch die Differenzierung zwischen einzelnen Kryptosporidienarten. Im Zweifelsfall kann man so unterscheiden, ob ein Terrarientier oder nur das Futtertier mit spezifischen Kryptosporidien befallen ist. Leider ist das Verfahren sehr aufwendig, welches sich nat\u00fcrlich auch im Preis niederschl\u00e4gt.<div class=\"su-spacer\" style=\"height:30px\"><\/div>\n<h5 style=\"text-align: center;\"><a href=\"https:\/\/exoten-labor.de\/wp-content\/uploads\/2023\/02\/Einsendeformular-Exotenlabor-Februar-23.pdf\" target=\"_blank\" rel=\"noopener\"><span style=\"color: #ff0000;\">Untersuchungsauftrag hier <\/span><span style=\"color: #ff0000;\">herunterladen<\/span><\/a><\/h5>\n<div><\/div>\n<div>\n<div class=\"su-spacer\" style=\"height:30px\"><\/div>\n<hr \/>\n<div><div tabindex=\"0\" class=\"cycloneslider cycloneslider-template-standard cycloneslider-width-responsive\" id=\"cycloneslider-kryptosporidien-2\" style=\"max-width:1400px\" > <div class=\"cycloneslider-slides cycle-slideshow\" data-cycle-allow-wrap=\"true\" data-cycle-dynamic-height=\"off\" data-cycle-auto-height=\"1400:1000\" data-cycle-auto-height-easing=\"null\" data-cycle-auto-height-speed=\"250\" data-cycle-delay=\"0\" data-cycle-easing=\"\" data-cycle-fx=\"fadeout\" data-cycle-hide-non-active=\"true\" data-cycle-log=\"false\" data-cycle-next=\"#cycloneslider-kryptosporidien-2 .cycloneslider-next\" data-cycle-pager=\"#cycloneslider-kryptosporidien-2 .cycloneslider-pager\" data-cycle-pause-on-hover=\"true\" data-cycle-prev=\"#cycloneslider-kryptosporidien-2 .cycloneslider-prev\" data-cycle-slides=\"&gt; div\" data-cycle-speed=\"1500\" data-cycle-swipe=\"false\" data-cycle-tile-count=\"7\" data-cycle-tile-delay=\"100\" data-cycle-tile-vertical=\"true\" data-cycle-timeout=\"4500\" > <div class=\"cycloneslider-slide cycloneslider-slide-image\" > <img decoding=\"async\" src=\"https:\/\/exoten-labor.de\/wp-content\/uploads\/2016\/03\/Kot-Leopardgecko.jpg\" alt=\"\" title=\"\" \/> <div class=\"cycloneslider-caption\"> <div class=\"cycloneslider-caption-title\">Typischer Kot<\/div> <div class=\"cycloneslider-caption-description\">Beige-brauner Durchfall mit Futtertierbestandteilen<\/div> <\/div> <\/div> <div class=\"cycloneslider-slide cycloneslider-slide-image\" > <img decoding=\"async\" src=\"https:\/\/exoten-labor.de\/wp-content\/uploads\/2016\/03\/Nativausstrich-Krypto-1.jpg\" alt=\"\" title=\"\" \/> <div class=\"cycloneslider-caption\"> <div class=\"cycloneslider-caption-title\">Kot - Nativausstrich<\/div> <div class=\"cycloneslider-caption-description\">Wie der Name andeutet \"verstecken\" sich Kryptosporidien oft sehr erfolgreich.<\/div> <\/div> <\/div> <div class=\"cycloneslider-slide cycloneslider-slide-image\" > <img decoding=\"async\" src=\"https:\/\/exoten-labor.de\/wp-content\/uploads\/2016\/03\/Nativausstrich-Krypto-2.jpg\" alt=\"\" title=\"\" \/> <div class=\"cycloneslider-caption\"> <div class=\"cycloneslider-caption-title\">Kot - Nativausstrich<\/div> <div class=\"cycloneslider-caption-description\">Auch der Fachmann \u00fcbersieht die Kryptosporidien (rote Pfeile) zwischen sonstigen Kotbestandteilen (z.B. Hefepilze - schwarze Pfeile) leicht. <\/div> <\/div> <\/div> <div class=\"cycloneslider-slide cycloneslider-slide-image\" > <img decoding=\"async\" src=\"https:\/\/exoten-labor.de\/wp-content\/uploads\/2016\/03\/Karbolfuchsin-1.jpg\" alt=\"\" title=\"\" \/> <div class=\"cycloneslider-caption\"> <div class=\"cycloneslider-caption-title\">Kot - Karbolfuchsinf\u00e4rbung<\/div> <div class=\"cycloneslider-caption-description\">Eine einfache negative F\u00e4rbung, die immer noch sehr ungenau ist.<\/div> <\/div> <\/div> <div class=\"cycloneslider-slide cycloneslider-slide-image\" > <img decoding=\"async\" src=\"https:\/\/exoten-labor.de\/wp-content\/uploads\/2016\/03\/Karbolfuchsin-2.jpg\" alt=\"\" title=\"\" \/> <div class=\"cycloneslider-caption\"> <div class=\"cycloneslider-caption-title\">Kot - Karbolfuchsinf\u00e4rbung<\/div> <div class=\"cycloneslider-caption-description\">Erst bei der genauen Untersuchung fallen die Kryptosporidien (schwarze Pfeile) zwischen anderen Kotbestandteilen auf.<\/div> <\/div> <\/div> <div class=\"cycloneslider-slide cycloneslider-slide-image\" > <img decoding=\"async\" src=\"https:\/\/exoten-labor.de\/wp-content\/uploads\/2016\/03\/ELISA.jpg\" alt=\"\" title=\"\" \/> <div class=\"cycloneslider-caption\"> <div class=\"cycloneslider-caption-title\">Kryptosporidien Nachweis - ELISA Titerplatte<\/div> <div class=\"cycloneslider-caption-description\">Deutlich f\u00e4llt die Unterscheidung zwischen positiven (gelben) von den negativen Proben aus.<\/div> <\/div> <\/div> <\/div> <a href=\"#\" class=\"cycloneslider-prev\"> <span class=\"arrow\"><\/span> <\/a> <a href=\"#\" class=\"cycloneslider-next\"> <span class=\"arrow\"><\/span> <\/a> <\/div><\/div>\n<\/div>\n","protected":false},"excerpt":{"rendered":"<p>Allgemein Obwohl Crypto- oder Kryptosporidien in unterschiedlichen Arten bei fast allen Wirbeltierarten inklusive des Menschen schwere Durchf\u00e4lle ausl\u00f6sen k\u00f6nnen, sind unter den exotischen Heimtieren am schwersten Reptilien von einem Befall betroffen. W\u00e4hrend bis vor 15 &#8211; 20 Jahren noch die Am\u00f6be (Entamoeba invadens) als das parasitologisches Schreckgespenst in der Terraristik galt, haben Cryptosporidien diese Rolle in den 2000er Jahren erfolgreich \u00fcbernommen. Ihr Name leitet sich vom griechischen \u2135\u03c1\u03d2\u03c0\u03c4\u03c2 (crypt &#8211; versteckt) und \u03c3\u03c0\u03bf\u03c1\u03b1 (spora &#8211; Samen). Diesen Namen machen sie auch alle Ehre. Durch ihre geringe Gr\u00f6\u00dfe und ihre physikalischen Eigenschaften (z.B. das Anf\u00e4rbeverhalten) sind extrem unauff\u00e4llig und sind mit konventionellen Nachweismethoden nicht zuverl\u00e4ssig diagnostizierbar. Vermehrungszyklus und Biologie Kryptosporidien geh\u00f6ren \u2026<\/p>\n<p class=\"continue-reading-button\"> <a class=\"continue-reading-link\" href=\"https:\/\/exoten-labor.de\/?page_id=175\">Continue reading<i class=\"crycon-right-dir\"><\/i><\/a><\/p>\n","protected":false},"author":1,"featured_media":0,"parent":216,"menu_order":0,"comment_status":"closed","ping_status":"closed","template":"","meta":{"footnotes":""},"class_list":["post-175","page","type-page","status-publish","hentry"],"aioseo_notices":[],"_links":{"self":[{"href":"https:\/\/exoten-labor.de\/index.php?rest_route=\/wp\/v2\/pages\/175","targetHints":{"allow":["GET"]}}],"collection":[{"href":"https:\/\/exoten-labor.de\/index.php?rest_route=\/wp\/v2\/pages"}],"about":[{"href":"https:\/\/exoten-labor.de\/index.php?rest_route=\/wp\/v2\/types\/page"}],"author":[{"embeddable":true,"href":"https:\/\/exoten-labor.de\/index.php?rest_route=\/wp\/v2\/users\/1"}],"replies":[{"embeddable":true,"href":"https:\/\/exoten-labor.de\/index.php?rest_route=%2Fwp%2Fv2%2Fcomments&post=175"}],"version-history":[{"count":41,"href":"https:\/\/exoten-labor.de\/index.php?rest_route=\/wp\/v2\/pages\/175\/revisions"}],"predecessor-version":[{"id":950,"href":"https:\/\/exoten-labor.de\/index.php?rest_route=\/wp\/v2\/pages\/175\/revisions\/950"}],"up":[{"embeddable":true,"href":"https:\/\/exoten-labor.de\/index.php?rest_route=\/wp\/v2\/pages\/216"}],"wp:attachment":[{"href":"https:\/\/exoten-labor.de\/index.php?rest_route=%2Fwp%2Fv2%2Fmedia&parent=175"}],"curies":[{"name":"wp","href":"https:\/\/api.w.org\/{rel}","templated":true}]}}